{"id":25,"date":"2025-06-28T12:17:18","date_gmt":"2025-06-28T10:17:18","guid":{"rendered":"https:\/\/helyitetomester.hu\/?page_id=25"},"modified":"2025-10-21T00:04:10","modified_gmt":"2025-10-20T22:04:10","slug":"kontakt","status":"publish","type":"page","link":"https:\/\/helyitetomester.hu\/de\/kontakt\/","title":{"rendered":"Kontakt"},"content":{"rendered":"<div data-elementor-type=\"wp-page\" data-elementor-id=\"25\" class=\"elementor elementor-25\" data-elementor-post-type=\"page\">\n\t\t\t\t<div class=\"elementor-element elementor-element-468daee3 e-flex e-con-boxed e-con e-parent\" data-id=\"468daee3\" data-element_type=\"container\">\n\t\t\t\t\t<div class=\"e-con-inner\">\n\t\t<div class=\"elementor-element elementor-element-47fef6c6 e-con-full e-flex e-con e-child\" data-id=\"47fef6c6\" data-element_type=\"container\">\n\t\t\t\t<div class=\"elementor-element elementor-element-1373d13a elementor-widget elementor-widget-heading\" data-id=\"1373d13a\" data-element_type=\"widget\" data-widget_type=\"heading.default\">\n\t\t\t\t<div class=\"elementor-widget-container\">\n\t\t\t\t\t<h2 class=\"elementor-heading-title elementor-size-default\">Fordern Sie jetzt unsere kostenlose Zustandsanalyse f\u00fcr Dacheindeckung und Dachsanierung an!<\/h2>\t\t\t\t<\/div>\n\t\t\t\t<\/div>\n\t\t\t\t<div class=\"elementor-element elementor-element-7157a8eb elementor-widget-tablet__width-inherit elementor-button-align-stretch elementor-widget elementor-widget-form\" data-id=\"7157a8eb\" data-element_type=\"widget\" data-settings=\"{&quot;step_next_label&quot;:&quot;K\\u00f6vetkez\\u0151&quot;,&quot;step_previous_label&quot;:&quot;El\\u0151z\\u0151&quot;,&quot;step_type&quot;:&quot;number_text&quot;,&quot;step_icon_shape&quot;:&quot;circle&quot;}\" data-widget_type=\"form.default\">\n\t\t\t\t<div class=\"elementor-widget-container\">\n\t\t\t\t\t\t\t<form class=\"elementor-form\" method=\"post\" name=\"\u00daj \u0171rlap\" aria-label=\"\u00daj \u0171rlap\" action=\"\">\n\t\t\t<input type=\"hidden\" name=\"post_id\" value=\"25\"\/>\n\t\t\t<input type=\"hidden\" name=\"form_id\" value=\"7157a8eb\"\/>\n\t\t\t<input type=\"hidden\" name=\"referer_title\" value=\"Kapcsolat - Helyi tet\u0151mester\" \/>\n\n\t\t\t\t\t\t\t<input type=\"hidden\" name=\"queried_id\" value=\"25\"\/>\n\t\t\t\n\t\t\t<div class=\"elementor-form-fields-wrapper elementor-labels-above\">\n\t\t\t\t\t\t\t\t<div class=\"elementor-field-type-text elementor-field-group elementor-column elementor-field-group-field_866aa75 elementor-col-100 elementor-field-required\">\n\t\t\t\t\t\t\t\t\t\t\t\t<label for=\"form-field-field_866aa75\" class=\"elementor-field-label\">\n\t\t\t\t\t\t\t\tVollst\u00e4ndiger Name\t\t\t\t\t\t\t<\/label>\n\t\t\t\t\t\t\t\t\t\t\t\t\t\t<input size=\"1\" type=\"text\" name=\"form_fields[field_866aa75]\" id=\"form-field-field_866aa75\" class=\"elementor-field elementor-size-sm  elementor-field-textual\" placeholder=\"Vollst\u00e4ndiger Name\" required=\"required\">\n\t\t\t\t\t\t\t\t\t\t\t<\/div>\n\t\t\t\t\t\t\t\t<div class=\"elementor-field-type-email elementor-field-group elementor-column elementor-field-group-name elementor-col-100 elementor-field-required\">\n\t\t\t\t\t\t\t\t\t\t\t\t<label for=\"form-field-name\" class=\"elementor-field-label\">\n\t\t\t\t\t\t\t\tE-Mail-Adresse\t\t\t\t\t\t\t<\/label>\n\t\t\t\t\t\t\t\t\t\t\t\t\t\t<input size=\"1\" type=\"email\" name=\"form_fields[name]\" id=\"form-field-name\" class=\"elementor-field elementor-size-sm  elementor-field-textual\" placeholder=\"E-Mail-Adresse\" required=\"required\">\n\t\t\t\t\t\t\t\t\t\t\t<\/div>\n\t\t\t\t\t\t\t\t<div class=\"elementor-field-type-tel elementor-field-group elementor-column elementor-field-group-field_df7b631 elementor-col-100 elementor-field-required\">\n\t\t\t\t\t\t\t\t\t\t\t\t<label for=\"form-field-field_df7b631\" class=\"elementor-field-label\">\n\t\t\t\t\t\t\t\tTelefonnummer\t\t\t\t\t\t\t<\/label>\n\t\t\t\t\t\t\t\t<input size=\"1\" type=\"tel\" name=\"form_fields[field_df7b631]\" id=\"form-field-field_df7b631\" class=\"elementor-field elementor-size-sm  elementor-field-textual\" placeholder=\"Telefonnummer\" required=\"required\" pattern=\"[0-9()#&amp;+*-=.]+\" title=\"Only numbers and phone characters (#, -, *, etc) are accepted.\">\n\n\t\t\t\t\t\t<\/div>\n\t\t\t\t\t\t\t\t<div class=\"elementor-field-type-textarea elementor-field-group elementor-column elementor-field-group-field_b9dcf63 elementor-col-100\">\n\t\t\t\t\t\t\t\t\t\t\t\t<label for=\"form-field-field_b9dcf63\" class=\"elementor-field-label\">\n\t\t\t\t\t\t\t\tNachricht\t\t\t\t\t\t\t<\/label>\n\t\t\t\t\t\t<textarea class=\"elementor-field-textual elementor-field  elementor-size-sm\" name=\"form_fields[field_b9dcf63]\" id=\"form-field-field_b9dcf63\" rows=\"4\" placeholder=\"Nachricht\"><\/textarea>\t\t\t\t<\/div>\n\t\t\t\t\t\t\t\t<div class=\"elementor-field-type-acceptance elementor-field-group elementor-column elementor-field-group-field_b073c3f elementor-col-100 elementor-field-required\">\n\t\t\t\t\t\t\t<div class=\"elementor-field-subgroup\">\n\t\t\t<span class=\"elementor-field-option\">\n\t\t\t\t<input type=\"checkbox\" name=\"form_fields[field_b073c3f]\" id=\"form-field-field_b073c3f\" class=\"elementor-field elementor-size-sm  elementor-acceptance-field\" required=\"required\">\n\t\t\t\t<label for=\"form-field-field_b073c3f\">Ich habe die Datenschutzerkl\u00e4rung gelesen und akzeptiere sie. <a href=\"\/de\/datenschutzerklaerung\/\"target=\"https:\/\/helyitetomester.hu\/adatkezelesi-tajekoztato\/\">Datenschutzerkl\u00e4rung<\/a><\/label>\t\t\t<\/span>\n\t\t<\/div>\n\t\t\t\t\t\t<\/div>\n\t\t\t\t\t\t\t\t<div class=\"elementor-field-group elementor-column elementor-field-type-submit elementor-col-100 e-form__buttons\">\n\t\t\t\t\t<button class=\"elementor-button elementor-size-sm\" type=\"submit\">\n\t\t\t\t\t\t<span class=\"elementor-button-content-wrapper\">\n\t\t\t\t\t\t\t\t\t\t\t\t\t\t\t\t\t\t\t\t\t\t<span class=\"elementor-button-text\">Senden<\/span>\n\t\t\t\t\t\t\t\t\t\t\t\t\t<\/span>\n\t\t\t\t\t<\/button>\n\t\t\t\t<\/div>\n\t\t\t<\/div>\n\t\t<input type=\"hidden\" name=\"trp-form-language\" value=\"de\"\/><\/form>\n\t\t\t\t\t\t<\/div>\n\t\t\t\t<\/div>\n\t\t\t\t<\/div>\n\t\t<div class=\"elementor-element elementor-element-5fb65f78 e-con-full e-flex e-con e-child\" data-id=\"5fb65f78\" data-element_type=\"container\">\n\t\t<div class=\"elementor-element elementor-element-7e0a7d9b e-flex e-con-boxed e-con e-child\" data-id=\"7e0a7d9b\" data-element_type=\"container\">\n\t\t\t\t\t<div class=\"e-con-inner\">\n\t\t\t\t<div class=\"elementor-element elementor-element-6185441c elementor-icon-list--layout-traditional elementor-list-item-link-full_width elementor-widget elementor-widget-icon-list\" data-id=\"6185441c\" data-element_type=\"widget\" data-widget_type=\"icon-list.default\">\n\t\t\t\t<div class=\"elementor-widget-container\">\n\t\t\t\t\t\t\t<ul class=\"elementor-icon-list-items\">\n\t\t\t\t\t\t\t<li class=\"elementor-icon-list-item\">\n\t\t\t\t\t\t\t\t\t\t\t<a href=\"mailto:info@helyitetomester.hu\">\n\n\t\t\t\t\t\t\t\t\t\t\t\t<span class=\"elementor-icon-list-icon\">\n\t\t\t\t\t\t\t<svg aria-hidden=\"true\" class=\"e-font-icon-svg e-fas-envelope\" viewbox=\"0 0 512 512\" xmlns=\"http:\/\/www.w3.org\/2000\/svg\"><path d=\"M502.3 190.8c3.9-3.1 9.7-.2 9.7 4.7V400c0 26.5-21.5 48-48 48H48c-26.5 0-48-21.5-48-48V195.6c0-5 5.7-7.8 9.7-4.7 22.4 17.4 52.1 39.5 154.1 113.6 21.1 15.4 56.7 47.8 92.2 47.6 35.7.3 72-32.8 92.3-47.6 102-74.1 131.6-96.3 154-113.7zM256 320c23.2.4 56.6-29.2 73.4-41.4 132.7-96.3 142.8-104.7 173.4-128.7 5.8-4.5 9.2-11.5 9.2-18.9v-19c0-26.5-21.5-48-48-48H48C21.5 64 0 85.5 0 112v19c0 7.4 3.4 14.3 9.2 18.9 30.6 23.9 40.7 32.4 173.4 128.7 16.8 12.2 50.2 41.8 73.4 41.4z\"><\/path><\/svg>\t\t\t\t\t\t<\/span>\n\t\t\t\t\t\t\t\t\t\t<span class=\"elementor-icon-list-text\">info@helyitetomester.hu<\/span>\n\t\t\t\t\t\t\t\t\t\t\t<\/a>\n\t\t\t\t\t\t\t\t\t<\/li>\n\t\t\t\t\t\t<\/ul>\n\t\t\t\t\t\t<\/div>\n\t\t\t\t<\/div>\n\t\t\t\t<div class=\"elementor-element elementor-element-2db4c9fc elementor-icon-list--layout-traditional elementor-list-item-link-full_width elementor-widget elementor-widget-icon-list\" data-id=\"2db4c9fc\" data-element_type=\"widget\" data-widget_type=\"icon-list.default\">\n\t\t\t\t<div class=\"elementor-widget-container\">\n\t\t\t\t\t\t\t<ul class=\"elementor-icon-list-items\">\n\t\t\t\t\t\t\t<li class=\"elementor-icon-list-item\">\n\t\t\t\t\t\t\t\t\t\t\t<a href=\"tel:06208092599\">\n\n\t\t\t\t\t\t\t\t\t\t\t\t<span class=\"elementor-icon-list-icon\">\n\t\t\t\t\t\t\t<svg aria-hidden=\"true\" class=\"e-font-icon-svg e-fas-phone-alt\" viewbox=\"0 0 512 512\" xmlns=\"http:\/\/www.w3.org\/2000\/svg\"><path d=\"M497.39 361.8l-112-48a24 24 0 0 0-28 6.9l-49.6 60.6A370.66 370.66 0 0 1 130.6 204.11l60.6-49.6a23.94 23.94 0 0 0 6.9-28l-48-112A24.16 24.16 0 0 0 122.6.61l-104 24A24 24 0 0 0 0 48c0 256.5 207.9 464 464 464a24 24 0 0 0 23.4-18.6l24-104a24.29 24.29 0 0 0-14.01-27.6z\"><\/path><\/svg>\t\t\t\t\t\t<\/span>\n\t\t\t\t\t\t\t\t\t\t<span class=\"elementor-icon-list-text\">+36 20 809 2599<\/span>\n\t\t\t\t\t\t\t\t\t\t\t<\/a>\n\t\t\t\t\t\t\t\t\t<\/li>\n\t\t\t\t\t\t<\/ul>\n\t\t\t\t\t\t<\/div>\n\t\t\t\t<\/div>\n\t\t\t\t\t<\/div>\n\t\t\t\t<\/div>\n\t\t\t\t<\/div>\n\t\t\t\t\t<\/div>\n\t\t\t\t<\/div>\n\t\t\t\t<\/div>","protected":false},"excerpt":{"rendered":"<p>K\u00e9rje ingyenes \u00e1llapotfelm\u00e9r\u00e9s\u00fcnket tet\u0151fed\u00e9sre \u00e9s tet\u0151fel\u00faj\u00edt\u00e1sra most! info@helyitetomester.hu +36 20 809 2599<\/p>","protected":false},"author":1,"featured_media":0,"parent":0,"menu_order":0,"comment_status":"closed","ping_status":"closed","template":"","meta":{"footnotes":""},"class_list":["post-25","page","type-page","status-publish","hentry"],"yoast_head":"<!-- This site is optimized with the Yoast SEO plugin v25.9 - https:\/\/yoast.com\/wordpress\/plugins\/seo\/ -->\n<title>Kapcsolat - Helyi tet\u0151mester<\/title>\n<meta name=\"description\" content=\"K\u00e9rjen \u00e1raj\u00e1nlatot vagy t\u00e1j\u00e9koztat\u00e1st tet\u0151fed\u00e9si, tet\u0151jav\u00edt\u00e1si \u00e9s b\u00e1dogos szolg\u00e1ltat\u00e1sainkr\u00f3l.\" \/>\n<meta name=\"robots\" content=\"index, follow, max-snippet:-1, max-image-preview:large, max-video-preview:-1\" \/>\n<link rel=\"canonical\" href=\"https:\/\/helyitetomester.hu\/de\/kontakt\/\" \/>\n<meta property=\"og:locale\" content=\"de_DE\" \/>\n<meta property=\"og:type\" content=\"article\" \/>\n<meta property=\"og:title\" content=\"Kapcsolat - Helyi tet\u0151mester\" \/>\n<meta property=\"og:description\" content=\"K\u00e9rjen \u00e1raj\u00e1nlatot vagy t\u00e1j\u00e9koztat\u00e1st tet\u0151fed\u00e9si, tet\u0151jav\u00edt\u00e1si \u00e9s b\u00e1dogos szolg\u00e1ltat\u00e1sainkr\u00f3l.\" \/>\n<meta property=\"og:url\" content=\"https:\/\/helyitetomester.hu\/de\/kontakt\/\" \/>\n<meta property=\"og:site_name\" content=\"Helyi tet\u0151mester\" \/>\n<meta property=\"article:modified_time\" content=\"2025-10-20T22:04:10+00:00\" \/>\n<meta name=\"twitter:card\" content=\"summary_large_image\" \/>\n<meta name=\"twitter:label1\" content=\"Gesch\u00e4tzte Lesezeit\" \/>\n\t<meta name=\"twitter:data1\" content=\"1 Minute\" \/>\n<script type=\"application\/ld+json\" class=\"yoast-schema-graph\">{\"@context\":\"https:\/\/schema.org\",\"@graph\":[{\"@type\":\"WebPage\",\"@id\":\"https:\/\/helyitetomester.hu\/kapcsolat\/\",\"url\":\"https:\/\/helyitetomester.hu\/kapcsolat\/\",\"name\":\"Kapcsolat - Helyi tet\u0151mester\",\"isPartOf\":{\"@id\":\"https:\/\/helyitetomester.hu\/#website\"},\"datePublished\":\"2025-06-28T10:17:18+00:00\",\"dateModified\":\"2025-10-20T22:04:10+00:00\",\"description\":\"K\u00e9rjen \u00e1raj\u00e1nlatot vagy t\u00e1j\u00e9koztat\u00e1st tet\u0151fed\u00e9si, tet\u0151jav\u00edt\u00e1si \u00e9s b\u00e1dogos szolg\u00e1ltat\u00e1sainkr\u00f3l.\",\"breadcrumb\":{\"@id\":\"https:\/\/helyitetomester.hu\/kapcsolat\/#breadcrumb\"},\"inLanguage\":\"de-AT\",\"potentialAction\":[{\"@type\":\"ReadAction\",\"target\":[\"https:\/\/helyitetomester.hu\/kapcsolat\/\"]}]},{\"@type\":\"BreadcrumbList\",\"@id\":\"https:\/\/helyitetomester.hu\/kapcsolat\/#breadcrumb\",\"itemListElement\":[{\"@type\":\"ListItem\",\"position\":1,\"name\":\"Kezd\u0151lap\",\"item\":\"https:\/\/helyitetomester.hu\/\"},{\"@type\":\"ListItem\",\"position\":2,\"name\":\"Kapcsolat\"}]},{\"@type\":\"WebSite\",\"@id\":\"https:\/\/helyitetomester.hu\/#website\",\"url\":\"https:\/\/helyitetomester.hu\/\",\"name\":\"Helyi tet\u0151mester\",\"description\":\"Tet\u0151fed\u00e9ssel, tet\u0151jav\u00edt\u00e1ssal, b\u00e1dogosmunk\u00e1kkal \u00e9s ereszcsatorna-rendszerek ki\u00e9p\u00edt\u00e9s\u00e9vel foglalkozunk.\",\"publisher\":{\"@id\":\"https:\/\/helyitetomester.hu\/#organization\"},\"potentialAction\":[{\"@type\":\"SearchAction\",\"target\":{\"@type\":\"EntryPoint\",\"urlTemplate\":\"https:\/\/helyitetomester.hu\/?s={search_term_string}\"},\"query-input\":{\"@type\":\"PropertyValueSpecification\",\"valueRequired\":true,\"valueName\":\"search_term_string\"}}],\"inLanguage\":\"de-AT\"},{\"@type\":\"Organization\",\"@id\":\"https:\/\/helyitetomester.hu\/#organization\",\"name\":\"Helyi tet\u0151mester\",\"url\":\"https:\/\/helyitetomester.hu\/\",\"logo\":{\"@type\":\"ImageObject\",\"inLanguage\":\"de-AT\",\"@id\":\"https:\/\/helyitetomester.hu\/#\/schema\/logo\/image\/\",\"url\":\"https:\/\/helyitetomester.hu\/wp-content\/uploads\/2025\/06\/logo.svg\",\"contentUrl\":\"https:\/\/helyitetomester.hu\/wp-content\/uploads\/2025\/06\/logo.svg\",\"caption\":\"Helyi tet\u0151mester\"},\"image\":{\"@id\":\"https:\/\/helyitetomester.hu\/#\/schema\/logo\/image\/\"}}]}<\/script>\n<!-- \/ Yoast SEO plugin. -->","yoast_head_json":{"title":"Kapcsolat - Helyi tet\u0151mester","description":"K\u00e9rjen \u00e1raj\u00e1nlatot vagy t\u00e1j\u00e9koztat\u00e1st tet\u0151fed\u00e9si, tet\u0151jav\u00edt\u00e1si \u00e9s b\u00e1dogos szolg\u00e1ltat\u00e1sainkr\u00f3l.","robots":{"index":"index","follow":"follow","max-snippet":"max-snippet:-1","max-image-preview":"max-image-preview:large","max-video-preview":"max-video-preview:-1"},"canonical":"https:\/\/helyitetomester.hu\/de\/kontakt\/","og_locale":"de_DE","og_type":"article","og_title":"Kapcsolat - Helyi tet\u0151mester","og_description":"K\u00e9rjen \u00e1raj\u00e1nlatot vagy t\u00e1j\u00e9koztat\u00e1st tet\u0151fed\u00e9si, tet\u0151jav\u00edt\u00e1si \u00e9s b\u00e1dogos szolg\u00e1ltat\u00e1sainkr\u00f3l.","og_url":"https:\/\/helyitetomester.hu\/de\/kontakt\/","og_site_name":"Helyi tet\u0151mester","article_modified_time":"2025-10-20T22:04:10+00:00","twitter_card":"summary_large_image","twitter_misc":{"Gesch\u00e4tzte Lesezeit":"1 Minute"},"schema":{"@context":"https:\/\/schema.org","@graph":[{"@type":"WebPage","@id":"https:\/\/helyitetomester.hu\/kapcsolat\/","url":"https:\/\/helyitetomester.hu\/kapcsolat\/","name":"Kapcsolat - Helyi tet\u0151mester","isPartOf":{"@id":"https:\/\/helyitetomester.hu\/#website"},"datePublished":"2025-06-28T10:17:18+00:00","dateModified":"2025-10-20T22:04:10+00:00","description":"K\u00e9rjen \u00e1raj\u00e1nlatot vagy t\u00e1j\u00e9koztat\u00e1st tet\u0151fed\u00e9si, tet\u0151jav\u00edt\u00e1si \u00e9s b\u00e1dogos szolg\u00e1ltat\u00e1sainkr\u00f3l.","breadcrumb":{"@id":"https:\/\/helyitetomester.hu\/kapcsolat\/#breadcrumb"},"inLanguage":"de-AT","potentialAction":[{"@type":"ReadAction","target":["https:\/\/helyitetomester.hu\/kapcsolat\/"]}]},{"@type":"BreadcrumbList","@id":"https:\/\/helyitetomester.hu\/kapcsolat\/#breadcrumb","itemListElement":[{"@type":"ListItem","position":1,"name":"Kezd\u0151lap","item":"https:\/\/helyitetomester.hu\/"},{"@type":"ListItem","position":2,"name":"Kapcsolat"}]},{"@type":"WebSite","@id":"https:\/\/helyitetomester.hu\/#website","url":"https:\/\/helyitetomester.hu\/","name":"Helyi tet\u0151mester","description":"Tet\u0151fed\u00e9ssel, tet\u0151jav\u00edt\u00e1ssal, b\u00e1dogosmunk\u00e1kkal \u00e9s ereszcsatorna-rendszerek ki\u00e9p\u00edt\u00e9s\u00e9vel foglalkozunk.","publisher":{"@id":"https:\/\/helyitetomester.hu\/#organization"},"potentialAction":[{"@type":"SearchAction","target":{"@type":"EntryPoint","urlTemplate":"https:\/\/helyitetomester.hu\/?s={search_term_string}"},"query-input":{"@type":"PropertyValueSpecification","valueRequired":true,"valueName":"search_term_string"}}],"inLanguage":"de-AT"},{"@type":"Organization","@id":"https:\/\/helyitetomester.hu\/#organization","name":"Helyi tet\u0151mester","url":"https:\/\/helyitetomester.hu\/","logo":{"@type":"ImageObject","inLanguage":"de-AT","@id":"https:\/\/helyitetomester.hu\/#\/schema\/logo\/image\/","url":"https:\/\/helyitetomester.hu\/wp-content\/uploads\/2025\/06\/logo.svg","contentUrl":"https:\/\/helyitetomester.hu\/wp-content\/uploads\/2025\/06\/logo.svg","caption":"Helyi tet\u0151mester"},"image":{"@id":"https:\/\/helyitetomester.hu\/#\/schema\/logo\/image\/"}}]}},"_links":{"self":[{"href":"https:\/\/helyitetomester.hu\/de\/wp-json\/wp\/v2\/pages\/25","targetHints":{"allow":["GET"]}}],"collection":[{"href":"https:\/\/helyitetomester.hu\/de\/wp-json\/wp\/v2\/pages"}],"about":[{"href":"https:\/\/helyitetomester.hu\/de\/wp-json\/wp\/v2\/types\/page"}],"author":[{"embeddable":true,"href":"https:\/\/helyitetomester.hu\/de\/wp-json\/wp\/v2\/users\/1"}],"replies":[{"embeddable":true,"href":"https:\/\/helyitetomester.hu\/de\/wp-json\/wp\/v2\/comments?post=25"}],"version-history":[{"count":31,"href":"https:\/\/helyitetomester.hu\/de\/wp-json\/wp\/v2\/pages\/25\/revisions"}],"predecessor-version":[{"id":901,"href":"https:\/\/helyitetomester.hu\/de\/wp-json\/wp\/v2\/pages\/25\/revisions\/901"}],"wp:attachment":[{"href":"https:\/\/helyitetomester.hu\/de\/wp-json\/wp\/v2\/media?parent=25"}],"curies":[{"name":"wp","href":"https:\/\/api.w.org\/{rel}","templated":true}]}}